{"id":22,"date":"2020-11-15T21:04:08","date_gmt":"2020-11-15T21:04:08","guid":{"rendered":"https:\/\/arabrotnaringspark.no\/?page_id=22"},"modified":"2025-10-22T10:00:29","modified_gmt":"2025-10-22T10:00:29","slug":"forside","status":"publish","type":"page","link":"https:\/\/arabrotnaringspark.no\/","title":{"rendered":"Forside"},"content":{"rendered":"","protected":false},"excerpt":{"rendered":"","protected":false},"author":1,"featured_media":0,"parent":0,"menu_order":0,"comment_status":"closed","ping_status":"closed","template":"","meta":{"footnotes":""},"acf":[],"yoast_head":"<!-- This site is optimized with the Yoast SEO plugin v21.4 - https:\/\/yoast.com\/wordpress\/plugins\/seo\/ -->\n<title>\u00c5rabrot N\u00e6ringspark - lager- og industribygg i Haugesund<\/title>\n<meta name=\"description\" content=\"\u00c5rabrot N\u00e6ringspark nord i Haugesund har nye lager- og industrilokaler under oppf\u00f8ring og flere ledige byggeklare n\u00e6ringstomter.\" \/>\n<meta name=\"robots\" content=\"index, follow, max-snippet:-1, max-image-preview:large, max-video-preview:-1\" \/>\n<link rel=\"canonical\" href=\"https:\/\/arabrotnaringspark.no\/\" \/>\n<meta property=\"og:locale\" content=\"en_US\" \/>\n<meta property=\"og:type\" content=\"article\" \/>\n<meta property=\"og:title\" content=\"\u00c5rabrot N\u00e6ringspark - lager- og industribygg i Haugesund\" \/>\n<meta property=\"og:description\" content=\"\u00c5rabrot N\u00e6ringspark nord i Haugesund har nye lager- og industrilokaler under oppf\u00f8ring og flere ledige byggeklare n\u00e6ringstomter.\" \/>\n<meta property=\"og:url\" content=\"https:\/\/arabrotnaringspark.no\/\" \/>\n<meta property=\"og:site_name\" content=\"\u00c5rabrot N\u00e6ringspark\" \/>\n<meta property=\"article:modified_time\" content=\"2025-10-22T10:00:29+00:00\" \/>\n<meta name=\"twitter:card\" content=\"summary_large_image\" \/>\n<script type=\"application\/ld+json\" class=\"yoast-schema-graph\">{\"@context\":\"https:\/\/schema.org\",\"@graph\":[{\"@type\":\"WebPage\",\"@id\":\"https:\/\/arabrotnaringspark.no\/\",\"url\":\"https:\/\/arabrotnaringspark.no\/\",\"name\":\"\u00c5rabrot N\u00e6ringspark - lager- og industribygg i Haugesund\",\"isPartOf\":{\"@id\":\"https:\/\/arabrotnaringspark.no\/#website\"},\"datePublished\":\"2020-11-15T21:04:08+00:00\",\"dateModified\":\"2025-10-22T10:00:29+00:00\",\"description\":\"\u00c5rabrot N\u00e6ringspark nord i Haugesund har nye lager- og industrilokaler under oppf\u00f8ring og flere ledige byggeklare n\u00e6ringstomter.\",\"breadcrumb\":{\"@id\":\"https:\/\/arabrotnaringspark.no\/#breadcrumb\"},\"inLanguage\":\"en-US\",\"potentialAction\":[{\"@type\":\"ReadAction\",\"target\":[\"https:\/\/arabrotnaringspark.no\/\"]}]},{\"@type\":\"BreadcrumbList\",\"@id\":\"https:\/\/arabrotnaringspark.no\/#breadcrumb\",\"itemListElement\":[{\"@type\":\"ListItem\",\"position\":1,\"name\":\"Home\",\"item\":\"https:\/\/arabrotnaringspark.no\/\"},{\"@type\":\"ListItem\",\"position\":2,\"name\":\"Forside\"}]},{\"@type\":\"WebSite\",\"@id\":\"https:\/\/arabrotnaringspark.no\/#website\",\"url\":\"https:\/\/arabrotnaringspark.no\/\",\"name\":\"\u00c5rabrot N\u00e6ringspark\",\"description\":\"N\u00e6ringslokaler til leie\",\"publisher\":{\"@id\":\"https:\/\/arabrotnaringspark.no\/#organization\"},\"potentialAction\":[{\"@type\":\"SearchAction\",\"target\":{\"@type\":\"EntryPoint\",\"urlTemplate\":\"https:\/\/arabrotnaringspark.no\/?s={search_term_string}\"},\"query-input\":\"required name=search_term_string\"}],\"inLanguage\":\"en-US\"},{\"@type\":\"Organization\",\"@id\":\"https:\/\/arabrotnaringspark.no\/#organization\",\"name\":\"\u00c5rabrot N\u00e6ringspark\",\"url\":\"https:\/\/arabrotnaringspark.no\/\",\"logo\":{\"@type\":\"ImageObject\",\"inLanguage\":\"en-US\",\"@id\":\"https:\/\/arabrotnaringspark.no\/#\/schema\/logo\/image\/\",\"url\":\"https:\/\/arabrotnaringspark.no\/app\/uploads\/2020\/12\/cropped-Unknown.jpeg\",\"contentUrl\":\"https:\/\/arabrotnaringspark.no\/app\/uploads\/2020\/12\/cropped-Unknown.jpeg\",\"width\":190,\"height\":190,\"caption\":\"\u00c5rabrot N\u00e6ringspark\"},\"image\":{\"@id\":\"https:\/\/arabrotnaringspark.no\/#\/schema\/logo\/image\/\"}}]}<\/script>\n<!-- \/ Yoast SEO plugin. -->","yoast_head_json":{"title":"\u00c5rabrot N\u00e6ringspark - lager- og industribygg i Haugesund","description":"\u00c5rabrot N\u00e6ringspark nord i Haugesund har nye lager- og industrilokaler under oppf\u00f8ring og flere ledige byggeklare n\u00e6ringstomter.","robots":{"index":"index","follow":"follow","max-snippet":"max-snippet:-1","max-image-preview":"max-image-preview:large","max-video-preview":"max-video-preview:-1"},"canonical":"https:\/\/arabrotnaringspark.no\/","og_locale":"en_US","og_type":"article","og_title":"\u00c5rabrot N\u00e6ringspark - lager- og industribygg i Haugesund","og_description":"\u00c5rabrot N\u00e6ringspark nord i Haugesund har nye lager- og industrilokaler under oppf\u00f8ring og flere ledige byggeklare n\u00e6ringstomter.","og_url":"https:\/\/arabrotnaringspark.no\/","og_site_name":"\u00c5rabrot N\u00e6ringspark","article_modified_time":"2025-10-22T10:00:29+00:00","twitter_card":"summary_large_image","schema":{"@context":"https:\/\/schema.org","@graph":[{"@type":"WebPage","@id":"https:\/\/arabrotnaringspark.no\/","url":"https:\/\/arabrotnaringspark.no\/","name":"\u00c5rabrot N\u00e6ringspark - lager- og industribygg i Haugesund","isPartOf":{"@id":"https:\/\/arabrotnaringspark.no\/#website"},"datePublished":"2020-11-15T21:04:08+00:00","dateModified":"2025-10-22T10:00:29+00:00","description":"\u00c5rabrot N\u00e6ringspark nord i Haugesund har nye lager- og industrilokaler under oppf\u00f8ring og flere ledige byggeklare n\u00e6ringstomter.","breadcrumb":{"@id":"https:\/\/arabrotnaringspark.no\/#breadcrumb"},"inLanguage":"en-US","potentialAction":[{"@type":"ReadAction","target":["https:\/\/arabrotnaringspark.no\/"]}]},{"@type":"BreadcrumbList","@id":"https:\/\/arabrotnaringspark.no\/#breadcrumb","itemListElement":[{"@type":"ListItem","position":1,"name":"Home","item":"https:\/\/arabrotnaringspark.no\/"},{"@type":"ListItem","position":2,"name":"Forside"}]},{"@type":"WebSite","@id":"https:\/\/arabrotnaringspark.no\/#website","url":"https:\/\/arabrotnaringspark.no\/","name":"\u00c5rabrot N\u00e6ringspark","description":"N\u00e6ringslokaler til leie","publisher":{"@id":"https:\/\/arabrotnaringspark.no\/#organization"},"potentialAction":[{"@type":"SearchAction","target":{"@type":"EntryPoint","urlTemplate":"https:\/\/arabrotnaringspark.no\/?s={search_term_string}"},"query-input":"required name=search_term_string"}],"inLanguage":"en-US"},{"@type":"Organization","@id":"https:\/\/arabrotnaringspark.no\/#organization","name":"\u00c5rabrot N\u00e6ringspark","url":"https:\/\/arabrotnaringspark.no\/","logo":{"@type":"ImageObject","inLanguage":"en-US","@id":"https:\/\/arabrotnaringspark.no\/#\/schema\/logo\/image\/","url":"https:\/\/arabrotnaringspark.no\/app\/uploads\/2020\/12\/cropped-Unknown.jpeg","contentUrl":"https:\/\/arabrotnaringspark.no\/app\/uploads\/2020\/12\/cropped-Unknown.jpeg","width":190,"height":190,"caption":"\u00c5rabrot N\u00e6ringspark"},"image":{"@id":"https:\/\/arabrotnaringspark.no\/#\/schema\/logo\/image\/"}}]}},"_links":{"self":[{"href":"https:\/\/arabrotnaringspark.no\/index.php?rest_route=\/wp\/v2\/pages\/22"}],"collection":[{"href":"https:\/\/arabrotnaringspark.no\/index.php?rest_route=\/wp\/v2\/pages"}],"about":[{"href":"https:\/\/arabrotnaringspark.no\/index.php?rest_route=\/wp\/v2\/types\/page"}],"author":[{"embeddable":true,"href":"https:\/\/arabrotnaringspark.no\/index.php?rest_route=\/wp\/v2\/users\/1"}],"replies":[{"embeddable":true,"href":"https:\/\/arabrotnaringspark.no\/index.php?rest_route=%2Fwp%2Fv2%2Fcomments&post=22"}],"version-history":[{"count":96,"href":"https:\/\/arabrotnaringspark.no\/index.php?rest_route=\/wp\/v2\/pages\/22\/revisions"}],"predecessor-version":[{"id":212,"href":"https:\/\/arabrotnaringspark.no\/index.php?rest_route=\/wp\/v2\/pages\/22\/revisions\/212"}],"wp:attachment":[{"href":"https:\/\/arabrotnaringspark.no\/index.php?rest_route=%2Fwp%2Fv2%2Fmedia&parent=22"}],"curies":[{"name":"wp","href":"https:\/\/api.w.org\/{rel}","templated":true}]}}